{"id":7,"date":"2025-09-14T18:56:24","date_gmt":"2025-09-14T18:56:24","guid":{"rendered":"http:\/\/yapikom.com\/?page_id=7"},"modified":"2025-10-29T18:47:15","modified_gmt":"2025-10-29T18:47:15","slug":"ana-sayfa","status":"publish","type":"page","link":"https:\/\/yapikom.com\/","title":{"rendered":"Ana Sayfa"},"content":{"rendered":"\n<div class=\"wp-block-cover alignfull is-light wp-duotone-unset-1\" style=\"min-height:720px;aspect-ratio:unset;\"><span aria-hidden=\"true\" class=\"wp-block-cover__background has-background-dim-10 has-background-dim has-background-gradient has-very-light-gray-to-cyan-bluish-gray-gradient-background\"><\/span><div class=\"wp-block-cover__inner-container is-layout-flow wp-block-cover-is-layout-flow\">\n<div class=\"inherit-container-width wp-block-group alignwide is-layout-constrained wp-block-group-is-layout-constrained\">\n<div class=\"wp-block-media-text alignwide has-media-on-the-right is-stacked-on-mobile is-vertically-aligned-center has-ast-global-color-2-color has-luminous-vivid-orange-background-color has-text-color has-background\" style=\"grid-template-columns:auto 38%\"><div class=\"wp-block-media-text__content\">\n<h1 class=\"wp-block-heading has-text-align-left has-white-color has-text-color\">\u015eantiyen i\u00e7in gerekli t\u00fcm yap\u0131 malzemeleri burda<\/h1>\n\n\n\n<p class=\"has-white-color has-text-color\">\u0130ster vadeli ister nakit t\u00fcm yap\u0131 malzemeleri i\u00e7in hemen teklif al<\/p>\n\n\n\n<div class=\"wp-block-buttons is-layout-flex wp-block-buttons-is-layout-flex\">\n<div class=\"wp-block-button\"><a class=\"wp-block-button__link has-ast-global-color-4-color has-vivid-red-background-color has-text-color has-background has-link-color wp-element-button\" href=\"https:\/\/api.whatsapp.com\/send\/?phone=905547168687&amp;text&amp;type=phone_number&amp;app_absent=0\">HEMEN TEKL\u0130F AL<\/a><\/div>\n<\/div>\n<\/div><figure class=\"wp-block-media-text__media\"><img loading=\"lazy\" decoding=\"async\" width=\"450\" height=\"370\" src=\"http:\/\/yapikom.com\/wp-content\/uploads\/2025\/09\/insaat-malzemeleri-k_41.jpg\" alt=\"\" class=\"wp-image-25 size-full\" srcset=\"https:\/\/yapikom.com\/wp-content\/uploads\/2025\/09\/insaat-malzemeleri-k_41.jpg 450w, https:\/\/yapikom.com\/wp-content\/uploads\/2025\/09\/insaat-malzemeleri-k_41-300x247.jpg 300w\" sizes=\"auto, (max-width: 450px) 100vw, 450px\" \/><\/figure><\/div>\n<\/div>\n<\/div><\/div>\n\n\n\n<div class=\"wp-block-group alignfull has-white-color has-luminous-vivid-orange-background-color has-text-color has-background has-link-color wp-elements-f1eeb8ca9435a917c0463cd0ab6adeef is-layout-constrained wp-container-core-group-is-layout-9cedb757 wp-block-group-is-layout-constrained\" style=\"padding-bottom:0px\">\n<div class=\"wp-block-columns are-vertically-aligned-top has-ast-global-color-4-color has-luminous-vivid-orange-background-color has-text-color has-background has-link-color wp-elements-e062570f9b2de146154636b5dd9c35e3 is-layout-flex wp-container-core-columns-is-layout-00723822 wp-block-columns-is-layout-flex\">\n<div class=\"wp-block-column is-vertically-aligned-top is-layout-flow wp-container-core-column-is-layout-6b73ce23 wp-block-column-is-layout-flow\">\n<figure class=\"wp-block-image size-full is-resized\"><img loading=\"lazy\" decoding=\"async\" width=\"500\" height=\"500\" src=\"http:\/\/yapikom.com\/wp-content\/uploads\/2025\/09\/WhatsApp-Image-2025-09-20-at-22.24.43.jpeg\" alt=\"\" class=\"wp-image-48\" style=\"width:178px;height:auto\" srcset=\"https:\/\/yapikom.com\/wp-content\/uploads\/2025\/09\/WhatsApp-Image-2025-09-20-at-22.24.43.jpeg 500w, https:\/\/yapikom.com\/wp-content\/uploads\/2025\/09\/WhatsApp-Image-2025-09-20-at-22.24.43-300x300.jpeg 300w, https:\/\/yapikom.com\/wp-content\/uploads\/2025\/09\/WhatsApp-Image-2025-09-20-at-22.24.43-150x150.jpeg 150w\" sizes=\"auto, (max-width: 500px) 100vw, 500px\" \/><\/figure>\n\n\n\n<h3 class=\"wp-block-heading has-text-align-left has-ast-global-color-4-color has-text-color has-link-color wp-elements-ac02f436ff13f32862dd41821b33a734\" style=\"margin-top:16px\">Kaba Yap\u0131 Malzemeleri<\/h3>\n\n\n\n<p class=\"has-text-align-left has-ast-global-color-4-color has-text-color has-link-color wp-elements-9b1112950b0f4cfc14d5a27ed38f9aa3\">Beton, kum, m\u0131c\u0131r, \u00e7ak\u0131l, \u00e7imento, kire\u00e7, \u00e7ivi, in\u015faat demiri, tu\u011fla, bims, kereste ve gaz beton \u00fcr\u00fcnleri <\/p>\n<\/div>\n\n\n\n<div class=\"wp-block-column is-vertically-aligned-top is-layout-flow wp-container-core-column-is-layout-6b73ce23 wp-block-column-is-layout-flow\">\n<figure class=\"wp-block-image size-full is-resized\"><img loading=\"lazy\" decoding=\"async\" width=\"500\" height=\"500\" src=\"http:\/\/yapikom.com\/wp-content\/uploads\/2025\/09\/WhatsApp-Image-2025-09-20-at-22.24.44.jpeg\" alt=\"\" class=\"wp-image-47\" style=\"width:179px;height:auto\" srcset=\"https:\/\/yapikom.com\/wp-content\/uploads\/2025\/09\/WhatsApp-Image-2025-09-20-at-22.24.44.jpeg 500w, https:\/\/yapikom.com\/wp-content\/uploads\/2025\/09\/WhatsApp-Image-2025-09-20-at-22.24.44-300x300.jpeg 300w, https:\/\/yapikom.com\/wp-content\/uploads\/2025\/09\/WhatsApp-Image-2025-09-20-at-22.24.44-150x150.jpeg 150w\" sizes=\"auto, (max-width: 500px) 100vw, 500px\" \/><\/figure>\n\n\n\n<h3 class=\"wp-block-heading has-text-align-left has-ast-global-color-4-color has-text-color has-link-color wp-elements-d4e49c56027722e87046442faaa45d35\" style=\"margin-top:16px\">\u0130nce Malzemeler<\/h3>\n\n\n\n<p class=\"has-text-align-left has-ast-global-color-4-color has-text-color has-link-color wp-elements-6cabe09bedf50b3e5012cbd16d1a01d9\">Al\u00e7\u0131,s\u0131va,boya,kartonpiyer,s\u00f6ve,al\u00e7\u0131pan tavan u ,tavan c, boardex,asma tavan<\/p>\n\n\n\n<p><\/p>\n<\/div>\n\n\n\n<div class=\"wp-block-column is-vertically-aligned-top has-ast-global-color-2-color has-text-color has-link-color wp-elements-2a8a529e83f57bb43dd08406748aaedb is-layout-flow wp-container-core-column-is-layout-6b73ce23 wp-block-column-is-layout-flow\">\n<figure class=\"wp-block-image size-full is-resized\"><img loading=\"lazy\" decoding=\"async\" width=\"183\" height=\"222\" src=\"http:\/\/yapikom.com\/wp-content\/uploads\/2025\/09\/Ekran-goruntusu-2025-09-20-223259.png\" alt=\"\" class=\"wp-image-49\" style=\"width:150px;height:auto\"\/><\/figure>\n\n\n\n<h3 class=\"wp-block-heading has-text-align-left has-ast-global-color-4-color has-text-color has-link-color wp-elements-4accd834b3268ef6a41a51c1ee60597c\" style=\"margin-top:16px\">Yal\u0131t\u0131m<\/h3>\n\n\n\n<p class=\"has-text-align-left has-ast-global-color-4-color has-text-color has-link-color wp-elements-1fe7c966bc3877d7e83407d4e2fdb8e2\">Membran,eps,xps,ta\u015fy\u00fcn\u00fc,strafor,s\u0131va,s\u00fcrme izolasyon,nem bariyeri,\u015filte,\u00e7at\u0131 \u015filtesi<\/p>\n<\/div>\n\n\n\n<div class=\"wp-block-column is-vertically-aligned-top has-ast-global-color-2-color has-text-color has-link-color wp-elements-07ce7c5c2c82c2641f283a61cbc7938a is-layout-flow wp-container-core-column-is-layout-6b73ce23 wp-block-column-is-layout-flow\">\n<figure class=\"wp-block-image size-full is-resized\"><img loading=\"lazy\" decoding=\"async\" width=\"450\" height=\"370\" src=\"http:\/\/yapikom.com\/wp-content\/uploads\/2025\/09\/insaat-malzemeleri-k_41.jpg\" alt=\"\" class=\"wp-image-25\" style=\"width:221px;height:auto\" srcset=\"https:\/\/yapikom.com\/wp-content\/uploads\/2025\/09\/insaat-malzemeleri-k_41.jpg 450w, https:\/\/yapikom.com\/wp-content\/uploads\/2025\/09\/insaat-malzemeleri-k_41-300x247.jpg 300w\" sizes=\"auto, (max-width: 450px) 100vw, 450px\" \/><\/figure>\n\n\n\n<h3 class=\"wp-block-heading has-text-align-left has-ast-global-color-4-color has-text-color has-link-color wp-elements-977acb168508986b7ed43d70f3cb202e\" style=\"margin-top:16px\">H\u0131rdavat<\/h3>\n\n\n\n<p class=\"has-text-align-left has-ast-global-color-4-color has-text-color has-link-color wp-elements-0e7b518003d8d3b73688e2cee41bbff7\">Mala,el arabas\u0131,ano \u00e7\u0131tas\u0131,k\u00f6\u015febent,fileli k\u00f6\u015febent,klips,derz art\u0131s\u0131 ve daha niceleri<\/p>\n<\/div>\n<\/div>\n<\/div>\n\n\n\n<div class=\"wp-block-group alignfull is-layout-constrained wp-container-core-group-is-layout-45b0ac4f wp-block-group-is-layout-constrained\" id=\"services\" style=\"padding-top:144px;padding-bottom:0px\">\n<h2 class=\"wp-block-heading\">NEDEN B\u0130Z<\/h2>\n\n\n\n<div class=\"wp-block-columns is-layout-flex wp-container-core-columns-is-layout-60cbf9bb wp-block-columns-is-layout-flex\" style=\"margin-top:50px\">\n<div class=\"wp-block-column is-layout-flow wp-container-core-column-is-layout-6b73ce23 wp-block-column-is-layout-flow\">\n<figure class=\"wp-block-image size-full is-resized\"><img loading=\"lazy\" decoding=\"async\" width=\"500\" height=\"500\" src=\"http:\/\/yapikom.com\/wp-content\/uploads\/2025\/09\/WhatsApp-Image-2025-09-20-at-22.24.45-1.jpeg\" alt=\"\" class=\"wp-image-45\" style=\"width:189px;height:auto\" srcset=\"https:\/\/yapikom.com\/wp-content\/uploads\/2025\/09\/WhatsApp-Image-2025-09-20-at-22.24.45-1.jpeg 500w, https:\/\/yapikom.com\/wp-content\/uploads\/2025\/09\/WhatsApp-Image-2025-09-20-at-22.24.45-1-300x300.jpeg 300w, https:\/\/yapikom.com\/wp-content\/uploads\/2025\/09\/WhatsApp-Image-2025-09-20-at-22.24.45-1-150x150.jpeg 150w\" sizes=\"auto, (max-width: 500px) 100vw, 500px\" \/><\/figure>\n\n\n\n<h3 class=\"wp-block-heading\" style=\"margin-top:16px\">Geni\u015f \u00dcr\u00fcn Yelpazesi<\/h3>\n\n\n\n<p>\u015eantiyen i\u00e7in gerekli t\u00fcm \u00fcr\u00fcnler yap\u0131komda.Temelden \u00e7at\u0131ya t\u00fcm \u00fcr\u00fcnleri tedarik edebilece\u011fin tek platform<\/p>\n<\/div>\n\n\n\n<div class=\"wp-block-column is-layout-flow wp-container-core-column-is-layout-6b73ce23 wp-block-column-is-layout-flow\">\n<figure class=\"wp-block-image size-full is-resized\"><img loading=\"lazy\" decoding=\"async\" width=\"500\" height=\"500\" src=\"http:\/\/yapikom.com\/wp-content\/uploads\/2025\/09\/WhatsApp-Image-2025-09-20-at-22.24.46.jpeg\" alt=\"\" class=\"wp-image-44\" style=\"width:199px;height:auto\" srcset=\"https:\/\/yapikom.com\/wp-content\/uploads\/2025\/09\/WhatsApp-Image-2025-09-20-at-22.24.46.jpeg 500w, https:\/\/yapikom.com\/wp-content\/uploads\/2025\/09\/WhatsApp-Image-2025-09-20-at-22.24.46-300x300.jpeg 300w, https:\/\/yapikom.com\/wp-content\/uploads\/2025\/09\/WhatsApp-Image-2025-09-20-at-22.24.46-150x150.jpeg 150w\" sizes=\"auto, (max-width: 500px) 100vw, 500px\" \/><\/figure>\n\n\n\n<h3 class=\"wp-block-heading\" style=\"margin-top:16px\">Uygun Fiyat<\/h3>\n\n\n\n<p>Sekt\u00f6rdeki tecr\u00fcbesi ve g\u00fc\u00e7l\u00fc ba\u011flant\u0131 stoklar\u0131yla en uygun fiyatlar\u0131 alabilece\u011fin platform yap\u0131kom<\/p>\n<\/div>\n\n\n\n<div class=\"wp-block-column is-layout-flow wp-container-core-column-is-layout-6b73ce23 wp-block-column-is-layout-flow\">\n<figure class=\"wp-block-image size-full is-resized\"><img loading=\"lazy\" decoding=\"async\" width=\"500\" height=\"500\" src=\"http:\/\/yapikom.com\/wp-content\/uploads\/2025\/09\/WhatsApp-Image-2025-09-20-at-22.24.46-1.jpeg\" alt=\"\" class=\"wp-image-43\" style=\"width:205px;height:auto\" srcset=\"https:\/\/yapikom.com\/wp-content\/uploads\/2025\/09\/WhatsApp-Image-2025-09-20-at-22.24.46-1.jpeg 500w, https:\/\/yapikom.com\/wp-content\/uploads\/2025\/09\/WhatsApp-Image-2025-09-20-at-22.24.46-1-300x300.jpeg 300w, https:\/\/yapikom.com\/wp-content\/uploads\/2025\/09\/WhatsApp-Image-2025-09-20-at-22.24.46-1-150x150.jpeg 150w\" sizes=\"auto, (max-width: 500px) 100vw, 500px\" \/><\/figure>\n\n\n\n<h3 class=\"wp-block-heading\" style=\"margin-top:16px\">H\u0131zl\u0131 Teslimat<\/h3>\n\n\n\n<p>Kendi sevkiyat ara\u00e7lar\u0131 ve ekibiyle \u00fcr\u00fcnlerinizin \u015fantiyeye en h\u0131zl\u0131 \u015fekilde ula\u015fmas\u0131n\u0131 sa\u011flayan g\u00fc\u00e7<\/p>\n<\/div>\n<\/div>\n<\/div>\n\n\n\n<div class=\"wp-block-group alignfull has-luminous-vivid-orange-background-color has-background is-layout-constrained wp-container-core-group-is-layout-94d206d0 wp-block-group-is-layout-constrained\" id=\"about\" style=\"padding-top:143px;padding-bottom:144px\">\n<div class=\"wp-block-media-text has-media-on-the-right is-stacked-on-mobile is-vertically-aligned-center has-white-background-color has-background\"><div class=\"wp-block-media-text__content\">\n<div class=\"inherit-container-width wp-block-group is-layout-constrained wp-container-core-group-is-layout-47ce07ec wp-block-group-is-layout-constrained\" style=\"padding-right:80px\">\n<h2 class=\"wp-block-heading\" style=\"padding-right:40px\">Yap\u0131kom nas\u0131l bir sistem ile \u00e7al\u0131\u015f\u0131r<\/h2>\n\n\n\n<p>Geni\u015f \u00fcr\u00fcn yelpazesine sahip bir platform olarak sekt\u00f6rde 15 y\u0131l\u0131 a\u015fk\u0131n s\u00fcredir fiilen \u00e7al\u0131\u015fm\u0131\u015f ekiple m\u00fc\u015fterilerimize kaliteyi uygun fiyat ve h\u0131zl\u0131 sevkiyat\u0131 birle\u015ftirerek hizmet ediyoruz.Bir\u00e7ok fabrika ile bulunan ba\u011flant\u0131lar\u0131m\u0131z sayesinde her marka i\u00e7in hizmet verebiliyoruz.G\u00fcvenli \u00f6deme sistemleri ve form\u00fclleriyle m\u00fc\u015fterilerimiz vadeli ve nakitte kampanyal\u0131 al\u0131m f\u0131rsatlar\u0131yla faydalanabiliyor.Hemen teklif al\u0131p yap\u0131kom ile tan\u0131\u015fmay\u0131 unutmay\u0131nn <\/p>\n<\/div>\n<\/div><figure class=\"wp-block-media-text__media\"><img loading=\"lazy\" decoding=\"async\" width=\"471\" height=\"488\" src=\"http:\/\/yapikom.com\/wp-content\/uploads\/2025\/09\/Ekran-goruntusu-2025-09-17-211504.png\" alt=\"\" class=\"wp-image-28 size-full\" srcset=\"https:\/\/yapikom.com\/wp-content\/uploads\/2025\/09\/Ekran-goruntusu-2025-09-17-211504.png 471w, https:\/\/yapikom.com\/wp-content\/uploads\/2025\/09\/Ekran-goruntusu-2025-09-17-211504-290x300.png 290w\" sizes=\"auto, (max-width: 471px) 100vw, 471px\" \/><\/figure><\/div>\n<\/div>\n\n\n\n<div class=\"wp-block-group alignfull is-layout-constrained wp-container-core-group-is-layout-3fee123f wp-block-group-is-layout-constrained\" id=\"whyus\" style=\"padding-top:144px;padding-bottom:144px\">\n<h2 class=\"wp-block-heading\">S\u00fcre\u00e7 Nas\u0131l \u0130\u015fler<\/h2>\n\n\n\n<div class=\"wp-block-columns is-layout-flex wp-container-core-columns-is-layout-29aadeec wp-block-columns-is-layout-flex\" style=\"margin-top:60px\">\n<div class=\"wp-block-column is-layout-flow wp-container-core-column-is-layout-6b73ce23 wp-block-column-is-layout-flow\">\n<figure class=\"wp-block-image size-full is-resized\"><img loading=\"lazy\" decoding=\"async\" width=\"500\" height=\"500\" src=\"http:\/\/yapikom.com\/wp-content\/uploads\/2025\/09\/WhatsApp-Image-2025-09-20-at-22.24.47.jpeg\" alt=\"\" class=\"wp-image-42\" style=\"width:165px;height:auto\" srcset=\"https:\/\/yapikom.com\/wp-content\/uploads\/2025\/09\/WhatsApp-Image-2025-09-20-at-22.24.47.jpeg 500w, https:\/\/yapikom.com\/wp-content\/uploads\/2025\/09\/WhatsApp-Image-2025-09-20-at-22.24.47-300x300.jpeg 300w, https:\/\/yapikom.com\/wp-content\/uploads\/2025\/09\/WhatsApp-Image-2025-09-20-at-22.24.47-150x150.jpeg 150w\" sizes=\"auto, (max-width: 500px) 100vw, 500px\" \/><\/figure>\n\n\n\n<h3 class=\"wp-block-heading\" style=\"margin-top:16px\">Teklif al<\/h3>\n\n\n\n<p>Whatsap,teklif formu veya bizi arayarak iletti\u011finiz \u00fcr\u00fcnler i\u00e7in teklifimizi iletiriz.<\/p>\n<\/div>\n\n\n\n<div class=\"wp-block-column is-layout-flow wp-container-core-column-is-layout-6b73ce23 wp-block-column-is-layout-flow\">\n<figure class=\"wp-block-image size-full is-resized\"><img loading=\"lazy\" decoding=\"async\" width=\"500\" height=\"500\" src=\"http:\/\/yapikom.com\/wp-content\/uploads\/2025\/09\/WhatsApp-Image-2025-09-20-at-22.24.47-1.jpeg\" alt=\"\" class=\"wp-image-41\" style=\"width:163px;height:auto\" srcset=\"https:\/\/yapikom.com\/wp-content\/uploads\/2025\/09\/WhatsApp-Image-2025-09-20-at-22.24.47-1.jpeg 500w, https:\/\/yapikom.com\/wp-content\/uploads\/2025\/09\/WhatsApp-Image-2025-09-20-at-22.24.47-1-300x300.jpeg 300w, https:\/\/yapikom.com\/wp-content\/uploads\/2025\/09\/WhatsApp-Image-2025-09-20-at-22.24.47-1-150x150.jpeg 150w\" sizes=\"auto, (max-width: 500px) 100vw, 500px\" \/><\/figure>\n\n\n\n<h3 class=\"wp-block-heading\" style=\"margin-top:16px\">Teklif onay<\/h3>\n\n\n\n<p>Teklifimiz onayland\u0131\u011f\u0131nda sevkiyat arac\u0131 i\u00e7in hemen planlama yap\u0131l\u0131r g\u00fcn ve saat bilgisi taraf\u0131n\u0131za bildirilir.<\/p>\n<\/div>\n\n\n\n<div class=\"wp-block-column is-layout-flow wp-container-core-column-is-layout-6b73ce23 wp-block-column-is-layout-flow\">\n<figure class=\"wp-block-image size-full is-resized\"><img loading=\"lazy\" decoding=\"async\" width=\"500\" height=\"500\" src=\"http:\/\/yapikom.com\/wp-content\/uploads\/2025\/09\/WhatsApp-Image-2025-09-20-at-22.24.48.jpeg\" alt=\"\" class=\"wp-image-40\" style=\"width:181px;height:auto\" srcset=\"https:\/\/yapikom.com\/wp-content\/uploads\/2025\/09\/WhatsApp-Image-2025-09-20-at-22.24.48.jpeg 500w, https:\/\/yapikom.com\/wp-content\/uploads\/2025\/09\/WhatsApp-Image-2025-09-20-at-22.24.48-300x300.jpeg 300w, https:\/\/yapikom.com\/wp-content\/uploads\/2025\/09\/WhatsApp-Image-2025-09-20-at-22.24.48-150x150.jpeg 150w\" sizes=\"auto, (max-width: 500px) 100vw, 500px\" \/><\/figure>\n\n\n\n<h3 class=\"wp-block-heading\" style=\"margin-top:16px\">Teslimat<\/h3>\n\n\n\n<p>Geni\u015f ara\u00e7 filomuzda \u00fcr\u00fcnler uygun araca y\u00fcklenerek irsaliyesi ile birlikte \u015fantiyenize belirtilen saatte ula\u015farak g\u00fcvenli teslimat yap\u0131l\u0131r<\/p>\n<\/div>\n<\/div>\n<\/div>\n\n\n\n<p><\/p>\n","protected":false},"excerpt":{"rendered":"<p>Kaba Yap\u0131 Malzemeleri Beton, kum, m\u0131c\u0131r, \u00e7ak\u0131l, \u00e7imento, kire\u00e7, \u00e7ivi, in\u015faat demiri, tu\u011fla, bims, kereste ve gaz beton \u00fcr\u00fcnleri \u0130nce [&hellip;]<\/p>\n","protected":false},"author":1,"featured_media":0,"parent":0,"menu_order":0,"comment_status":"closed","ping_status":"closed","template":"","meta":{"site-sidebar-layout":"no-sidebar","site-content-layout":"plain-container","ast-site-content-layout":"default","site-content-style":"default","site-sidebar-style":"default","ast-global-header-display":"","ast-banner-title-visibility":"","ast-main-header-display":"","ast-hfb-above-header-display":"","ast-hfb-below-header-display":"","ast-hfb-mobile-header-display":"","site-post-title":"disabled","ast-breadcrumbs-content":"","ast-featured-img":"","footer-sml-layout":"","ast-disable-related-posts":"","theme-transparent-header-meta":"enabled","adv-header-id-meta":"","stick-header-meta":"","header-above-stick-meta":"","header-main-stick-meta":"","header-below-stick-meta":"","astra-migrate-meta-layouts":"default","ast-page-background-enabled":"default","ast-page-background-meta":{"desktop":{"background-color":"var(--ast-global-color-5)","background-image":"","background-repeat":"repeat","background-position":"center center","background-size":"auto","background-attachment":"scroll","background-type":"","background-media":"","overlay-type":"","overlay-color":"","overlay-opacity":"","overlay-gradient":""},"tablet":{"background-color":"","background-image":"","background-repeat":"repeat","background-position":"center center","background-size":"auto","background-attachment":"scroll","background-type":"","background-media":"","overlay-type":"","overlay-color":"","overlay-opacity":"","overlay-gradient":""},"mobile":{"background-color":"","background-image":"","background-repeat":"repeat","background-position":"center center","background-size":"auto","background-attachment":"scroll","background-type":"","background-media":"","overlay-type":"","overlay-color":"","overlay-opacity":"","overlay-gradient":""}},"ast-content-background-meta":{"desktop":{"background-color":"var(--ast-global-color-4)","background-image":"","background-repeat":"repeat","background-position":"center center","background-size":"auto","background-attachment":"scroll","background-type":"","background-media":"","overlay-type":"","overlay-color":"","overlay-opacity":"","overlay-gradient":""},"tablet":{"background-color":"var(--ast-global-color-4)","background-image":"","background-repeat":"repeat","background-position":"center center","background-size":"auto","background-attachment":"scroll","background-type":"","background-media":"","overlay-type":"","overlay-color":"","overlay-opacity":"","overlay-gradient":""},"mobile":{"background-color":"var(--ast-global-color-4)","background-image":"","background-repeat":"repeat","background-position":"center center","background-size":"auto","background-attachment":"scroll","background-type":"","background-media":"","overlay-type":"","overlay-color":"","overlay-opacity":"","overlay-gradient":""}},"footnotes":""},"class_list":["post-7","page","type-page","status-publish","hentry"],"_links":{"self":[{"href":"https:\/\/yapikom.com\/index.php?rest_route=\/wp\/v2\/pages\/7","targetHints":{"allow":["GET"]}}],"collection":[{"href":"https:\/\/yapikom.com\/index.php?rest_route=\/wp\/v2\/pages"}],"about":[{"href":"https:\/\/yapikom.com\/index.php?rest_route=\/wp\/v2\/types\/page"}],"author":[{"embeddable":true,"href":"https:\/\/yapikom.com\/index.php?rest_route=\/wp\/v2\/users\/1"}],"replies":[{"embeddable":true,"href":"https:\/\/yapikom.com\/index.php?rest_route=%2Fwp%2Fv2%2Fcomments&post=7"}],"version-history":[{"count":10,"href":"https:\/\/yapikom.com\/index.php?rest_route=\/wp\/v2\/pages\/7\/revisions"}],"predecessor-version":[{"id":78,"href":"https:\/\/yapikom.com\/index.php?rest_route=\/wp\/v2\/pages\/7\/revisions\/78"}],"wp:attachment":[{"href":"https:\/\/yapikom.com\/index.php?rest_route=%2Fwp%2Fv2%2Fmedia&parent=7"}],"curies":[{"name":"wp","href":"https:\/\/api.w.org\/{rel}","templated":true}]}}